{"id":183,"date":"2020-02-02T12:30:00","date_gmt":"2020-02-02T11:30:00","guid":{"rendered":"http:\/\/www.tanzundbegegnung.de\/?page_id=183"},"modified":"2020-02-07T17:47:42","modified_gmt":"2020-02-07T16:47:42","slug":"elementor-nodouble2-2","status":"publish","type":"page","link":"http:\/\/www.tanzundbegegnung.de\/?page_id=183","title":{"rendered":"Datenschutz"},"content":{"rendered":"\t\t<div data-elementor-type=\"wp-page\" data-elementor-id=\"183\" class=\"elementor elementor-183\">\n\t\t\t\t\t\t<div class=\"elementor-inner\">\n\t\t\t\t<div class=\"elementor-section-wrap\">\n\t\t\t\t\t\t\t\t\t<section class=\"elementor-section elementor-top-section elementor-element elementor-element-b4ae93f elementor-section-boxed elementor-section-height-default elementor-section-height-default\" data-id=\"b4ae93f\" data-element_type=\"section\">\n\t\t\t\t\t\t<div class=\"elementor-container elementor-column-gap-default\">\n\t\t\t\t\t\t\t<div class=\"elementor-row\">\n\t\t\t\t\t<div class=\"elementor-column elementor-col-100 elementor-top-column elementor-element elementor-element-9f1756d\" data-id=\"9f1756d\" data-element_type=\"column\">\n\t\t\t<div class=\"elementor-column-wrap elementor-element-populated\">\n\t\t\t\t\t\t\t<div class=\"elementor-widget-wrap\">\n\t\t\t\t\t\t<section class=\"elementor-section elementor-inner-section elementor-element elementor-element-eeb2aab elementor-section-boxed elementor-section-height-default elementor-section-height-default\" data-id=\"eeb2aab\" data-element_type=\"section\">\n\t\t\t\t\t\t<div class=\"elementor-container elementor-column-gap-default\">\n\t\t\t\t\t\t\t<div class=\"elementor-row\">\n\t\t\t\t\t<div class=\"elementor-column elementor-col-50 elementor-inner-column elementor-element elementor-element-2470b2e\" data-id=\"2470b2e\" data-element_type=\"column\">\n\t\t\t<div class=\"elementor-column-wrap elementor-element-populated\">\n\t\t\t\t\t\t\t<div class=\"elementor-widget-wrap\">\n\t\t\t\t\t\t<div class=\"elementor-element elementor-element-47ec301 elementor-widget elementor-widget-text-editor\" data-id=\"47ec301\" data-element_type=\"widget\" data-widget_type=\"text-editor.default\">\n\t\t\t\t<div class=\"elementor-widget-container\">\n\t\t\t\t\t\t\t\t<div class=\"elementor-text-editor elementor-clearfix\">\n\t\t\t\t<p><span style=\"font-size: 15px;\"><b>Datenschutzerkl\u00e4rung\u00a0<\/b><\/span><\/p><p>Verantwortliche Stelle im Sinne der Datenschutzgesetze, insbesondere der EU-Datenschutzgrundverordnung (DSGVO), ist:<\/p><p><span style=\"font-size: 15px;\"><b>Gerda Haas<\/b><\/span><\/p><p><span style=\"font-size: 14px;\"><b>Ihre Betroffenenrechte<\/b><\/span><br \/>Unter den angegebenen Kontaktdaten k\u00f6nnen Sie jederzeit folgende Rechte aus\u00fcben:<br \/>Auskunft \u00fcber Ihre bei uns gespeicherten Daten und deren Verarbeitung (Art. 15 DSGVO),<br \/>Berichtigung unrichtiger personenbezogener Daten (Art. 16 DSGVO), L\u00f6schung Ihrer bei uns gespeicherten Daten (Art. 17 DSGVO), Einschr\u00e4nkung der Datenverarbeitung, sofern wir Ihre Daten aufgrund gesetzlicher Pflichten noch nicht l\u00f6schen d\u00fcrfen (Art. 18 DSGVO), Widerspruch gegen die Verarbeitung Ihrer Daten bei uns (Art. 21 DSGVO) und Daten\u00fcbertragbarkeit, sofern Sie in die Datenverarbeitung eingewilligt haben oder einen Vertrag mit uns abgeschlossen haben (Art. 20 DSGVO).<br \/>Sofern Sie uns eine Einwilligung erteilt haben, k\u00f6nnen Sie diese jederzeit mit Wirkung f\u00fcr die Zukunft widerrufen.<\/p><p><span style=\"font-size: 14px;\"><b>Erhebung und Verarbeitung von Daten<\/b><\/span><br \/>Durch die Nutzung meiner Website erkl\u00e4ren Sie sich mit der Erhebung, Verarbeitung und Nutzung von Daten gem\u00e4\u00df der nachfolgenden Beschreibung einverstanden. Die Website kann grunds\u00e4tzlich ohne Registrierung besucht werden. Dabei werden Daten wie beispielsweise aufgerufene Seiten bzw. Namen der abgerufenen Datei, Datum und Uhrzeit zu statistischen Zwecken auf dem Server gespeichert, ohne dass diese Daten unmittelbar auf Ihre Person bezogen werden. Personenbezogene Daten, insbesondere Name, Adresse oder E-Mail-Adresse werden soweit m\u00f6glich auf freiwilliger Basis erhoben. Ohne Ihre Einwilligung<br \/>erfolgt keine Weitergabe der Daten an Dritte.<\/p><p><span style=\"font-size: 14px;\"><b>Nutzung personenbezogener Daten<\/b><\/span><br \/>F\u00fcr den Fall, dass Sie uns personenbezogene Daten zur Verf\u00fcgung gestellt haben, verwenden wir diese ausschlie\u00dflich zum Zwecke der Beantwortung Ihrer Anfragen, zur Abwicklung vertraglicher Beziehungen mit Ihnen sowie f\u00fcr die technische Administration. Eine Weitergabe Ihrer personenbezogenen Daten an Dritte erfolgt nur dann, wenn dies dem Zweck der Vertragsabwicklung mit Ihnen dient, oder wenn Sie zuvor eine Einwilligung erkl\u00e4rt haben. Ihre erteilte Einwilligung k\u00f6nnen Sie jederzeit mit Wirkung f\u00fcr dieZukunft widerrufen. Im Falle des Widerrufs Ihrer Einwilligung zur Speicherung Ihrer personenbezogenen Daten werden diese gel\u00f6scht.<\/p><p><span style=\"font-size: 14px;\"><b>Recht auf Auskunft, L\u00f6schung, Sperrung<\/b><\/span><br \/>Sie haben jederzeit das Recht auf unentgeltliche Auskunft \u00fcber Ihre gespeicherten personenbezogenen Daten, deren Herkunft und Empf\u00e4nger und den Zweck der Datenverarbeitung sowie ein Recht auf Berichtigung, Sperrung oder L\u00f6schung dieser Daten. Hierzu sowie zu weiteren Fragen zum Thema personenbezogene Daten k\u00f6nnen Sie sich jederzeit an uns wenden.<\/p><p><span style=\"font-size: 14px;\"><b>L\u00f6schfristen<\/b><\/span><br \/>Ihre personenbezogenen Daten speichern wir generell nur so lange, wie sie f\u00fcr den angegebenen Zweck ben\u00f6tigt werden.<\/p><p><span style=\"font-size: 14px;\"><b>L\u00f6schfristen<\/b><\/span><br \/>Nehmen Sie mit uns als Websitebetreiber durch die angebotenen Kontaktm\u00f6glichkeiten Verbindung auf, werden Ihre Angaben gespeichert, damit auf diese zur Bearbeitung und Beantwortung Ihrer Anfrage zur\u00fcckgegriffen werden kann. Ohne Ihre Einwilligung werden diese Daten nicht an Dritte weitergegeben.<\/p><p><span style=\"font-size: 14px;\"><b>Kontaktformular<\/b><\/span><br \/>Die von Ihnen eingegebenen Daten werden zum Zweck der individuellen Kommunikation mit Ihnen gespeichert. Hierf\u00fcr ist die Angabe einer validen E-Mail-Adresse sowie Ihres Namens erforderlich. Diese dient der Zuordnung der Anfrage und der anschlie\u00dfenden Beantwortung derselben. Die Angabe weiterer Daten ist optional. Die Verarbeitung der in das Kontaktformular eingegebenen Daten erfolgt auf der Grundlage eines berechtigten Interesses (Art 6 Abs. 1 lit f DSGVO). Durch Bereitstellung des Kontaktformulars m\u00f6chten wir Ihnen eine unkomplizierte Kontaktaufnahme erm\u00f6glichen. Ihre gemachten Angaben werden zum Zwecke der Bearbeitung der Anfrage sowie f\u00fcr m\u00f6gliche Anschlussfragen gespeichert<br \/>und nicht an Dritte weitergegeben. Die Bereitstellung Ihrer personenbezogenen Daten erfolgt freiwillig. Wir k\u00f6nnen Ihre Anfrage jedoch nur bearbeiten, sofern Sie uns Ihren Namen, Ihre E-Mail-Adresse und den Grund der Anfrage mitteilen.<\/p>\t\t\t\t\t<\/div>\n\t\t\t\t\t\t<\/div>\n\t\t\t\t<\/div>\n\t\t\t\t\t\t<\/div>\n\t\t\t\t\t<\/div>\n\t\t<\/div>\n\t\t\t\t<div class=\"elementor-column elementor-col-50 elementor-inner-column elementor-element elementor-element-8b664ab\" data-id=\"8b664ab\" data-element_type=\"column\">\n\t\t\t<div class=\"elementor-column-wrap elementor-element-populated\">\n\t\t\t\t\t\t\t<div class=\"elementor-widget-wrap\">\n\t\t\t\t\t\t<div class=\"elementor-element elementor-element-4e4fbd2 elementor-widget elementor-widget-text-editor\" data-id=\"4e4fbd2\" data-element_type=\"widget\" data-widget_type=\"text-editor.default\">\n\t\t\t\t<div class=\"elementor-widget-container\">\n\t\t\t\t\t\t\t\t<div class=\"elementor-text-editor elementor-clearfix\">\n\t\t\t\t<p><span style=\"font-size: 14px;\"><b>Datenschutzerkl\u00e4rung f\u00fcr die Nutzung von Server-Logfiles\u00a0<\/b><\/span><br \/>Der Websitebetreiber bzw. Seitenprovider erhebt Daten \u00fcber Zugriffe auf die Seite und speichert diese als<br \/>\u201eServer-Logfiles\u201c ab. Folgende Daten werden so protokolliert:<br \/>\u2013 Besuchte Website<br \/>\u2013 Uhrzeit zum Zeitpunkt des Zugriffes<br \/>\u2013 Menge der gesendeten Daten in Byte<br \/>\u2013 Quelle\/Verweis, von welchem Sie auf die Seite gelangten<br \/>\u2013 Verwendeter Browser<br \/>\u2013 Verwendetes Betriebssystem<br \/>\u2013 Verwendete IP-Adresse (ggf.: in anonymisierter Form)<br \/>Die erhobenen Daten dienen lediglich statistischen Auswertungen und zur Verbesserung der Website. Der Websitebetreiber beh\u00e4lt sich allerdings vor, die Server-Logfiles nachtr\u00e4glich zu \u00fcberpr\u00fcfen, sollten konkrete Anhaltspunkte auf eine rechtswidrige Nutzung hinweisen.<\/p><p><span style=\"font-size: 14px;\"><b>Haftungsbeschr\u00e4nkung<\/b><\/span><br \/>Die Daten werden gel\u00f6scht, sobald diese f\u00fcr den Zweck der Erhebung nicht mehr erforderlich sind. Dies ist f\u00fcr die Daten, die der Bereitstellung der Webseite dienen, grunds\u00e4tzlich der Fall, wenn die jeweilige Sitzung beendet ist.<\/p><p><span style=\"font-size: 14px;\"><b>Externe Links<\/b><\/span><br \/>Zu Ihrer optimalen Information finden Sie eventuell auf meiner Site Links, die auf Seiten Dritter verweisen. Diese Websites unterliegen der Haftung der jeweiligen Betreiber. Wir haben keinerlei Einfluss auf den Inhalt und die Gestaltung dieser Seiten anderer Anbieter und machen uns deren Inhalte nicht zu eigen. Eine st\u00e4ndige Kontrolle der externen Links ist f\u00fcr den Anbieter ohne konkrete Hinweise auf Rechtsverst\u00f6\u00dfe<br \/>nicht zumutbar. Bei Kenntnis von Rechtsverst\u00f6\u00dfen werden derartige externe Links unverz\u00fcglich gel\u00f6scht. Diese Erkl\u00e4rung gilt f\u00fcr alle angezeigten Links und f\u00fcr alle Inhalte der Seiten, zu denen die bei uns gesetzten Links f\u00fchren. Die Garantien dieser Datenschutzerkl\u00e4rung gelten daher dort nicht.<\/p><p><span style=\"font-size: 14px;\"><b>Verwendung von Scriptbibliotheken (Google Webfonts)<\/b><\/span><br \/>Um unsere Inhalte browser\u00fcbergreifend korrekt und grafisch ansprechend darzustellen, verwenden wir auf dieser Website \u201eGoogle Web Fonts\u201c der Google LLC (1600 Amphitheatre Parkway, Mountain View, CA 94043, USA; nachfolgend \u201eGoogle\u201c) zur Darstellung von Schriften. Die Datenschutzrichtlinie des Bibliothekbetreibers Google finden Sie hier: https:\/\/www.google.com\/policies\/privacy\/<br \/>Rechtsgrundlage f\u00fcr die Einbindung von Google Webfonts und dem damit verbundenen Datentransfer zu Google ist Ihre Einwilligung (Art. 6 Abs. 1 lit. a DSGVO). Der Aufruf von Scriptbibliotheken oder Schriftbibliotheken l\u00f6st automatisch eine Verbindung zum Betreiber der Bibliothek aus. Dabei ist es theoretisch m\u00f6glich \u2013 aktuell allerdings auch unklar ob und ggf. zu welchen Zwecken \u2013 dass der Betreiber in diesem Fall Google Daten erhebt.<br \/>Wir erheben keine personenbezogenen Daten, durch die Einbindung von Google Webfonts.<br \/>Google verarbeitet Ihre Daten in den USA und hat sich dem EU_US Privacy Shield unterworfen https:\/\/www.privacyshield.gov\/EU-US-Framework. Die Bereitstellung der personenbezogenen Daten ist weder gesetzlich, noch vertraglich vorgeschrieben. Allerdings kann ohne die korrekte Darstellung der Inhalte von Standardschriften nicht erm\u00f6glicht werden.<\/p><p><span style=\"font-size: 14px;\"><b>Urheber- und Leistungsschutzrechte<\/b><\/span><br \/>Die auf dieser Website ver\u00f6ffentlichten Inhalte unterliegen dem deutschen Urheber- und<br \/>Leistungsschutzrecht. Jede vom deutschen Urheber- und Leistungsschutzrecht nicht zugelassene Verwertung bedarf der vorherigen schriftlichen Zustimmung des Websitebetreibers oder jeweiligen Rechteinhabers. Die unerlaubte Vervielf\u00e4ltigung oder Weitergabe einzelner Inhalte oder kompletter Seiten ist nicht gestattet und strafbar. Alle Inhalte, Fotos, Texte auf dieser Internetseite sind Eigentum des Websitebetreibers. Jegliche Nutzung, Vervielf\u00e4ltigung, Verbreitung, \u00dcbermittlung, Ver\u00f6ffentlichung oder Bearbeitung f\u00fcr s\u00e4mtliche Zwecke bedarf der vorherigen schriftlichen Zustimmung. Die Rechte an allen Bildern und Texten, sowie an der Gestaltung dieser Publikation liegen beim Websitebetreiber. Logos und Warenzeichen unterliegen dem Copyright der jeweiligen Firmen.<\/p><p><span style=\"font-size: 14px;\"><b>\u00c4nderung unserer Datenschutzbestimmungen<\/b><\/span><br \/>Wir behalten uns vor, diese Datenschutzerkl\u00e4rung anzupassen, damit sie stets den aktuellen rechtlichen Anforderungen entspricht oder um \u00c4nderungen unserer Leistungen in der Datenschutzerkl\u00e4rung umzusetzen, z.B. bei der Einf\u00fchrung neuer Services. F\u00fcr Ihren erneuten Besuch gilt dann die neue Datenschutzerkl\u00e4rung.<\/p>\t\t\t\t\t<\/div>\n\t\t\t\t\t\t<\/div>\n\t\t\t\t<\/div>\n\t\t\t\t\t\t<\/div>\n\t\t\t\t\t<\/div>\n\t\t<\/div>\n\t\t\t\t\t\t\t\t<\/div>\n\t\t\t\t\t<\/div>\n\t\t<\/section>\n\t\t\t\t\t\t<\/div>\n\t\t\t\t\t<\/div>\n\t\t<\/div>\n\t\t\t\t\t\t\t\t<\/div>\n\t\t\t\t\t<\/div>\n\t\t<\/section>\n\t\t\t\t\t\t\t\t\t<\/div>\n\t\t\t<\/div>\n\t\t\t\t\t<\/div>\n\t\t","protected":false},"excerpt":{"rendered":"<p>Datenschutzerkl\u00e4rung\u00a0 Verantwortliche Stelle im Sinne der Datenschutzgesetze, insbesondere der EU-Datenschutzgrundverordnung (DSGVO), ist: Gerda Haas Ihre BetroffenenrechteUnter den angegebenen Kontaktdaten k\u00f6nnen Sie jederzeit folgende Rechte aus\u00fcben:Auskunft \u00fcber Ihre bei uns gespeicherten Daten und deren Verarbeitung (Art. 15 DSGVO),Berichtigung unrichtiger personenbezogener Daten (Art. 16 DSGVO), L\u00f6schung Ihrer bei uns gespeicherten Daten (Art. 17 DSGVO), Einschr\u00e4nkung der Datenverarbeitung, [&hellip;]<\/p>\n","protected":false},"author":2,"featured_media":0,"parent":0,"menu_order":0,"comment_status":"closed","ping_status":"closed","template":"elementor_header_footer","meta":[],"yoast_head":"<!-- This site is optimized with the Yoast SEO plugin v20.1 - https:\/\/yoast.com\/wordpress\/plugins\/seo\/ -->\n<title>Datenschutz - Tanz und Begegnung<\/title>\n<meta name=\"description\" content=\"Komm und tanz mit mir - f\u00fchle dich eingeladen, ob jung oder alt, ob Mann oder Frau. Alles was du brauchst: ein wenig Offenheit und Neugierde.\" \/>\n<meta name=\"robots\" content=\"index, follow, max-snippet:-1, max-image-preview:large, max-video-preview:-1\" \/>\n<link rel=\"canonical\" href=\"http:\/\/www.tanzundbegegnung.de\/?page_id=183\" \/>\n<meta property=\"og:locale\" content=\"de_DE\" \/>\n<meta property=\"og:type\" content=\"article\" \/>\n<meta property=\"og:title\" content=\"Datenschutz - Tanz und Begegnung\" \/>\n<meta property=\"og:description\" content=\"Komm und tanz mit mir - f\u00fchle dich eingeladen, ob jung oder alt, ob Mann oder Frau. Alles was du brauchst: ein wenig Offenheit und Neugierde.\" \/>\n<meta property=\"og:url\" content=\"http:\/\/www.tanzundbegegnung.de\/?page_id=183\" \/>\n<meta property=\"og:site_name\" content=\"Tanz und Begegnung\" \/>\n<meta property=\"article:modified_time\" content=\"2020-02-07T16:47:42+00:00\" \/>\n<meta name=\"twitter:card\" content=\"summary_large_image\" \/>\n<meta name=\"twitter:label1\" content=\"Gesch\u00e4tzte Lesezeit\" \/>\n\t<meta name=\"twitter:data1\" content=\"6\u00a0Minuten\" \/>\n<script type=\"application\/ld+json\" class=\"yoast-schema-graph\">{\"@context\":\"https:\/\/schema.org\",\"@graph\":[{\"@type\":\"WebPage\",\"@id\":\"http:\/\/www.tanzundbegegnung.de\/?page_id=183\",\"url\":\"http:\/\/www.tanzundbegegnung.de\/?page_id=183\",\"name\":\"Datenschutz - Tanz und Begegnung\",\"isPartOf\":{\"@id\":\"http:\/\/www.tanzundbegegnung.de\/#website\"},\"datePublished\":\"2020-02-02T11:30:00+00:00\",\"dateModified\":\"2020-02-07T16:47:42+00:00\",\"description\":\"Komm und tanz mit mir - f\u00fchle dich eingeladen, ob jung oder alt, ob Mann oder Frau. Alles was du brauchst: ein wenig Offenheit und Neugierde.\",\"breadcrumb\":{\"@id\":\"http:\/\/www.tanzundbegegnung.de\/?page_id=183#breadcrumb\"},\"inLanguage\":\"de\",\"potentialAction\":[{\"@type\":\"ReadAction\",\"target\":[\"http:\/\/www.tanzundbegegnung.de\/?page_id=183\"]}]},{\"@type\":\"BreadcrumbList\",\"@id\":\"http:\/\/www.tanzundbegegnung.de\/?page_id=183#breadcrumb\",\"itemListElement\":[{\"@type\":\"ListItem\",\"position\":1,\"name\":\"Startseite\",\"item\":\"http:\/\/www.tanzundbegegnung.de\/\"},{\"@type\":\"ListItem\",\"position\":2,\"name\":\"Datenschutz\"}]},{\"@type\":\"WebSite\",\"@id\":\"http:\/\/www.tanzundbegegnung.de\/#website\",\"url\":\"http:\/\/www.tanzundbegegnung.de\/\",\"name\":\"Tanz und Begegnung\",\"description\":\"\",\"potentialAction\":[{\"@type\":\"SearchAction\",\"target\":{\"@type\":\"EntryPoint\",\"urlTemplate\":\"http:\/\/www.tanzundbegegnung.de\/?s={search_term_string}\"},\"query-input\":\"required name=search_term_string\"}],\"inLanguage\":\"de\"}]}<\/script>\n<!-- \/ Yoast SEO plugin. -->","yoast_head_json":{"title":"Datenschutz - Tanz und Begegnung","description":"Komm und tanz mit mir - f\u00fchle dich eingeladen, ob jung oder alt, ob Mann oder Frau. Alles was du brauchst: ein wenig Offenheit und Neugierde.","robots":{"index":"index","follow":"follow","max-snippet":"max-snippet:-1","max-image-preview":"max-image-preview:large","max-video-preview":"max-video-preview:-1"},"canonical":"http:\/\/www.tanzundbegegnung.de\/?page_id=183","og_locale":"de_DE","og_type":"article","og_title":"Datenschutz - Tanz und Begegnung","og_description":"Komm und tanz mit mir - f\u00fchle dich eingeladen, ob jung oder alt, ob Mann oder Frau. Alles was du brauchst: ein wenig Offenheit und Neugierde.","og_url":"http:\/\/www.tanzundbegegnung.de\/?page_id=183","og_site_name":"Tanz und Begegnung","article_modified_time":"2020-02-07T16:47:42+00:00","twitter_card":"summary_large_image","twitter_misc":{"Gesch\u00e4tzte Lesezeit":"6\u00a0Minuten"},"schema":{"@context":"https:\/\/schema.org","@graph":[{"@type":"WebPage","@id":"http:\/\/www.tanzundbegegnung.de\/?page_id=183","url":"http:\/\/www.tanzundbegegnung.de\/?page_id=183","name":"Datenschutz - Tanz und Begegnung","isPartOf":{"@id":"http:\/\/www.tanzundbegegnung.de\/#website"},"datePublished":"2020-02-02T11:30:00+00:00","dateModified":"2020-02-07T16:47:42+00:00","description":"Komm und tanz mit mir - f\u00fchle dich eingeladen, ob jung oder alt, ob Mann oder Frau. Alles was du brauchst: ein wenig Offenheit und Neugierde.","breadcrumb":{"@id":"http:\/\/www.tanzundbegegnung.de\/?page_id=183#breadcrumb"},"inLanguage":"de","potentialAction":[{"@type":"ReadAction","target":["http:\/\/www.tanzundbegegnung.de\/?page_id=183"]}]},{"@type":"BreadcrumbList","@id":"http:\/\/www.tanzundbegegnung.de\/?page_id=183#breadcrumb","itemListElement":[{"@type":"ListItem","position":1,"name":"Startseite","item":"http:\/\/www.tanzundbegegnung.de\/"},{"@type":"ListItem","position":2,"name":"Datenschutz"}]},{"@type":"WebSite","@id":"http:\/\/www.tanzundbegegnung.de\/#website","url":"http:\/\/www.tanzundbegegnung.de\/","name":"Tanz und Begegnung","description":"","potentialAction":[{"@type":"SearchAction","target":{"@type":"EntryPoint","urlTemplate":"http:\/\/www.tanzundbegegnung.de\/?s={search_term_string}"},"query-input":"required name=search_term_string"}],"inLanguage":"de"}]}},"_links":{"self":[{"href":"http:\/\/www.tanzundbegegnung.de\/index.php?rest_route=\/wp\/v2\/pages\/183"}],"collection":[{"href":"http:\/\/www.tanzundbegegnung.de\/index.php?rest_route=\/wp\/v2\/pages"}],"about":[{"href":"http:\/\/www.tanzundbegegnung.de\/index.php?rest_route=\/wp\/v2\/types\/page"}],"author":[{"embeddable":true,"href":"http:\/\/www.tanzundbegegnung.de\/index.php?rest_route=\/wp\/v2\/users\/2"}],"replies":[{"embeddable":true,"href":"http:\/\/www.tanzundbegegnung.de\/index.php?rest_route=%2Fwp%2Fv2%2Fcomments&post=183"}],"version-history":[{"count":0,"href":"http:\/\/www.tanzundbegegnung.de\/index.php?rest_route=\/wp\/v2\/pages\/183\/revisions"}],"wp:attachment":[{"href":"http:\/\/www.tanzundbegegnung.de\/index.php?rest_route=%2Fwp%2Fv2%2Fmedia&parent=183"}],"curies":[{"name":"wp","href":"https:\/\/api.w.org\/{rel}","templated":true}]}}